{"id":262,"date":"2025-05-13T20:53:09","date_gmt":"2025-05-13T20:53:09","guid":{"rendered":"https:\/\/www.jimfernand.nl\/?page_id=262"},"modified":"2025-06-06T22:09:07","modified_gmt":"2025-06-06T22:09:07","slug":"orthomoleculaire-geneeskunde","status":"publish","type":"page","link":"https:\/\/www.jimfernand.nl\/?page_id=262","title":{"rendered":"Orthomoleculaire geneeskunde"},"content":{"rendered":"\n<style type=\"text\/css\" data-created_by=\"avia_inline_auto\" id=\"style-css-av-mamznt2u-a900511645b00d763724064b9b89ebed\">\n#top .av_textblock_section.av-mamznt2u-a900511645b00d763724064b9b89ebed .avia_textblock{\nfont-size:18px;\n}\n<\/style>\n<section  class='av_textblock_section av-mamznt2u-a900511645b00d763724064b9b89ebed '   itemscope=\"itemscope\" itemtype=\"https:\/\/schema.org\/CreativeWork\" ><div class='avia_textblock'  itemprop=\"text\" ><p class=\"page-title\"><strong>Orthomoleculaire geneeskunde<\/strong><\/p>\n<div class=\"entry-content\">\n<p>De term othomoleculaire geneeskunde werd voor het eerst ge\u00efntroduceerd door professor Linus Pauling. Het woord \u201corthos\u201d komt uit het Grieks en betekent juist, \u201cmoleculair\u201d refereert aan voedingstoffen (nutri\u00ebnten). In de orthomoleculaire geneeskunde streeft men er naar te werken met stoffen die in gezonde voeding voorkomen. Deze worden gebruikt in een dosering die het lichaam nodig kan hebben bij het bestrijden van ziekte. De dosering kan daarom tijdelijk wat hoger zijn dan de algemeen dagelijkse behoefte. In de orthomoleculaire geneeskunde kijkt men dus niet alleen naar het absolute nutri\u00ebnten tekort, maar ook naar de toegenomen behoefte.<\/p>\n<p>Voorts streeft men in de orthomoleculaire geneeskunde er naar met voeding zoveel mogelijk gezondheidsbevorderende essenti\u00eble en nuttige voedingsstoffen binnen te krijgen en zo weinig mogelijk schadelijke. Tot slot heeft de orthomoleculaire geneeskunde als doel met nutri\u00ebnten het zelfherstellend vermogen van het lichaam aan te spreken en te stimuleren. Ook de reguliere geneeskunde erkent het belang hiervan, bijvoorbeeld bij het preventief voorschrijven van foliumzuur bij het voorkomen van complicaties bij zwangerschap.<\/p>\n<p>Het kan daarom wenselijk zijn om naast gezonde voeding extra nutri\u00ebnten (voedingssupplementen) in te nemen. Dit kunnen vitaminen, mineralen, aminozuren, essenti\u00eble vetzuren of enzymen zijn, maar ook minder bekende stoffen zoals bioflavanoiden. Micro- en macronutri\u00ebnten in orthomoleculaire dosering kunnen over het algemeen zonder problemen ingezet worden naast andere reguliere medicatie.<\/p>\n<\/div>\n<\/div><\/section>\n","protected":false},"excerpt":{"rendered":"","protected":false},"author":1,"featured_media":0,"parent":0,"menu_order":0,"comment_status":"closed","ping_status":"closed","template":"","meta":{"footnotes":""},"class_list":["post-262","page","type-page","status-publish","hentry"],"_links":{"self":[{"href":"https:\/\/www.jimfernand.nl\/index.php?rest_route=\/wp\/v2\/pages\/262","targetHints":{"allow":["GET"]}}],"collection":[{"href":"https:\/\/www.jimfernand.nl\/index.php?rest_route=\/wp\/v2\/pages"}],"about":[{"href":"https:\/\/www.jimfernand.nl\/index.php?rest_route=\/wp\/v2\/types\/page"}],"author":[{"embeddable":true,"href":"https:\/\/www.jimfernand.nl\/index.php?rest_route=\/wp\/v2\/users\/1"}],"replies":[{"embeddable":true,"href":"https:\/\/www.jimfernand.nl\/index.php?rest_route=%2Fwp%2Fv2%2Fcomments&post=262"}],"version-history":[{"count":4,"href":"https:\/\/www.jimfernand.nl\/index.php?rest_route=\/wp\/v2\/pages\/262\/revisions"}],"predecessor-version":[{"id":668,"href":"https:\/\/www.jimfernand.nl\/index.php?rest_route=\/wp\/v2\/pages\/262\/revisions\/668"}],"wp:attachment":[{"href":"https:\/\/www.jimfernand.nl\/index.php?rest_route=%2Fwp%2Fv2%2Fmedia&parent=262"}],"curies":[{"name":"wp","href":"https:\/\/api.w.org\/{rel}","templated":true}]}}