{"id":154,"date":"2015-07-16T09:12:44","date_gmt":"2015-07-16T09:12:44","guid":{"rendered":"http:\/\/test.kriesi.at\/minimal-portfolio\/?page_id=154"},"modified":"2025-07-17T21:30:02","modified_gmt":"2025-07-17T21:30:02","slug":"about","status":"publish","type":"page","link":"https:\/\/www.jimfernand.nl\/?page_id=154","title":{"rendered":"Over Jim Fernand"},"content":{"rendered":"\n<style type=\"text\/css\" data-created_by=\"avia_inline_auto\" id=\"style-css-av-2azrj6-7a4731fdd8294705df4329498ceed442\">\n.flex_column.av-2azrj6-7a4731fdd8294705df4329498ceed442{\nborder-radius:0px 0px 0px 0px;\npadding:0px 0px 0px 0px;\nbackground-color:#d4e5f6;\n}\n<\/style>\n<div  class='flex_column av-2azrj6-7a4731fdd8294705df4329498ceed442 av_one_full  avia-builder-el-0  avia-builder-el-no-sibling  first flex_column_div av-animated-generic bottom-to-top av-zero-column-padding  '     ><p><br \/>\n\n<style type=\"text\/css\" data-created_by=\"avia_inline_auto\" id=\"style-css-av-1yu7zm-6403d49f732ac3869c915d0b1e515612\">\n#top .av_textblock_section.av-1yu7zm-6403d49f732ac3869c915d0b1e515612 .avia_textblock{\nfont-size:18px;\n}\n<\/style>\n<section  class='av_textblock_section av-1yu7zm-6403d49f732ac3869c915d0b1e515612 '   itemscope=\"itemscope\" itemtype=\"https:\/\/schema.org\/CreativeWork\" ><div class='avia_textblock'  itemprop=\"text\" ><p>30 jaar geleden was ik werkzaam in een kliniek voor Orthomoleculaire geneeskunde in Hilversum, de Ortho kliniek. In deze kliniek zagen we voornamelijk pati\u00ebnten met het chronische vermoeidheidssyndroom en een reeks aan andere klachten. De pati\u00ebnten kwamen van heinde en ver en sommigen waren er ernstig aan toe.<\/p>\n<p>Mijn collega J.R.(voormalig huisarts) deed de intake en de behandeling. Zijn behandeling bestond voornamelijk uit het toedienen van vitaminen en mineralen, zowel oraal als via infuus in orthomoleculaire dosering en standaard bij elke pati\u00ebnt het geven van darmspoelingen. Als ten gevolge van zijn therapie de klachten van de pati\u00ebnt verergerde of de therapie niet aansloeg stuurde hij deze pati\u00ebnt door naar mij. Ik kreeg dan vaak een dik dossier waarin tal van onderzoeken, gedaan door collega&#8217;s in ziekenhuizen in binnen- en buitenland stonden vermeld. In onze Kliniek werden hier allerlei onderzoeken aan toegevoegd. Wat begon op te vallen na het lezen van vele dossiers, was dat er iets essentieels ontbrak, namelijk de diagnose.<br \/>\nIk zag pati\u00ebnten in de kracht van hun leven, die vaak niet meer normaal konden functioneren, veelal op bed lagen en vaak niet meer konden werken en als ze nog leerplichtig waren, niet meer naar school konden. Pati\u00ebnten zaten regelmatig tegenover mij, soms met tranen in de ogen, met de vraag: &#8220;wat is er met mij aan de hand, waarom kunnen jullie niks vinden?&#8221;<\/p>\n<p><img loading=\"lazy\" decoding=\"async\" class=\"wp-image-788 aligncenter\" src=\"https:\/\/www.jimfernand.nl\/wp-content\/uploads\/2025\/06\/JF_02_HQ-28-06-2025-21-34-59-300x300.png\" alt=\"\" width=\"82\" height=\"82\" srcset=\"https:\/\/www.jimfernand.nl\/wp-content\/uploads\/2025\/06\/JF_02_HQ-28-06-2025-21-34-59-300x300.png 300w, https:\/\/www.jimfernand.nl\/wp-content\/uploads\/2025\/06\/JF_02_HQ-28-06-2025-21-34-59-1030x1030.png 1030w, https:\/\/www.jimfernand.nl\/wp-content\/uploads\/2025\/06\/JF_02_HQ-28-06-2025-21-34-59-80x80.png 80w, https:\/\/www.jimfernand.nl\/wp-content\/uploads\/2025\/06\/JF_02_HQ-28-06-2025-21-34-59-768x768.png 768w, https:\/\/www.jimfernand.nl\/wp-content\/uploads\/2025\/06\/JF_02_HQ-28-06-2025-21-34-59-1536x1536.png 1536w, https:\/\/www.jimfernand.nl\/wp-content\/uploads\/2025\/06\/JF_02_HQ-28-06-2025-21-34-59-2048x2048.png 2048w, https:\/\/www.jimfernand.nl\/wp-content\/uploads\/2025\/06\/JF_02_HQ-28-06-2025-21-34-59-36x36.png 36w, https:\/\/www.jimfernand.nl\/wp-content\/uploads\/2025\/06\/JF_02_HQ-28-06-2025-21-34-59-180x180.png 180w, https:\/\/www.jimfernand.nl\/wp-content\/uploads\/2025\/06\/JF_02_HQ-28-06-2025-21-34-59-1500x1500.png 1500w, https:\/\/www.jimfernand.nl\/wp-content\/uploads\/2025\/06\/JF_02_HQ-28-06-2025-21-34-59-705x705.png 705w\" sizes=\"auto, (max-width: 82px) 100vw, 82px\" \/><\/p>\n<p>Vermeldenswaardig is dat ik het jaar daarvoor was afgestudeerd als Osteopaat. Ik had deze prestigieuze opleiding afgerond voor een internationale jury in Belgi\u00eb en dacht dat ik het allemaal wist. Osteopathie heeft mij oorzakelijk leren denken en mij een schat aan nieuwe medische inzichten opgeleverd, maar deze inzichten waren niet van toepassing op deze pati\u00ebntengroep.<br \/>\nAls Osteopaat zie je pati\u00ebnten vaak met meerdere klachten. Maar deze pati\u00ebnten kwamen met een heel opstel aan klachten. Ze hadden niet alleen kniepijn, buikpijn en rugpijn, maar ook migraine, slaapstoornissen, hormonale stoornissen, depressies, paniekaanvallen, spijsverteringsstoornissen, diarree, gasvorming, allergie\u00ebn en daarbovenop ook nog vermoeidheid en uitputting. Dit maakte het hun onmogelijk om normaal te kunnen functioneren in hun dagelijks leven, waardoor ze vaak in een sociaal isolement terecht kwamen. Ik wist me geen raad met deze pati\u00ebntengroep en moest erkennen dat ik ernstig in kennis en knowhow tekortschoot over deze complexe aandoeningen.<\/p>\n<p>Aangegrepen door het leed van deze pati\u00ebnten en onder de indruk van de enorme complexiteit van hun klachten begon ik mij af te vragen waarom na zoveel onderzoeken niemand eigenlijk wist wat er mis was met deze pati\u00ebnten. Sterker nog, ik wist het zelf ook niet.<br \/>\nIk heb toen eerlijk tegen een aantal pati\u00ebnten gezegd dat ik niet wist wat er met hun aan de hand was, maar dat ik systematisch onderzoek kon gaan doen naar de oorzaak van hun klachten. Een aantal pati\u00ebnten heeft toen hiermee ingestemd en zo is het klinisch onderzoek 30 jaar geleden van start gegaan, met als belangrijkste onderzoeksvraag:<br \/>\nwaarom zijn deze pati\u00ebnten ziek: wat is het proces wat heeft geleid tot hun ziekte?<\/p>\n<p><img loading=\"lazy\" decoding=\"async\" class=\"wp-image-788 aligncenter\" src=\"https:\/\/www.jimfernand.nl\/wp-content\/uploads\/2025\/06\/JF_02_HQ-28-06-2025-21-34-59-300x300.png\" alt=\"\" width=\"82\" height=\"82\" srcset=\"https:\/\/www.jimfernand.nl\/wp-content\/uploads\/2025\/06\/JF_02_HQ-28-06-2025-21-34-59-300x300.png 300w, https:\/\/www.jimfernand.nl\/wp-content\/uploads\/2025\/06\/JF_02_HQ-28-06-2025-21-34-59-1030x1030.png 1030w, https:\/\/www.jimfernand.nl\/wp-content\/uploads\/2025\/06\/JF_02_HQ-28-06-2025-21-34-59-80x80.png 80w, https:\/\/www.jimfernand.nl\/wp-content\/uploads\/2025\/06\/JF_02_HQ-28-06-2025-21-34-59-768x768.png 768w, https:\/\/www.jimfernand.nl\/wp-content\/uploads\/2025\/06\/JF_02_HQ-28-06-2025-21-34-59-1536x1536.png 1536w, https:\/\/www.jimfernand.nl\/wp-content\/uploads\/2025\/06\/JF_02_HQ-28-06-2025-21-34-59-2048x2048.png 2048w, https:\/\/www.jimfernand.nl\/wp-content\/uploads\/2025\/06\/JF_02_HQ-28-06-2025-21-34-59-36x36.png 36w, https:\/\/www.jimfernand.nl\/wp-content\/uploads\/2025\/06\/JF_02_HQ-28-06-2025-21-34-59-180x180.png 180w, https:\/\/www.jimfernand.nl\/wp-content\/uploads\/2025\/06\/JF_02_HQ-28-06-2025-21-34-59-1500x1500.png 1500w, https:\/\/www.jimfernand.nl\/wp-content\/uploads\/2025\/06\/JF_02_HQ-28-06-2025-21-34-59-705x705.png 705w\" sizes=\"auto, (max-width: 82px) 100vw, 82px\" \/><\/p>\n<p>Het onderzoek bestond voornamelijk uit literatuur onderzoek, klinisch onderzoek naar het effect van bepaalde therapie\u00ebn en het aanleren van nieuwe onderzoekstechnieken en vaardigheden, omdat allang was gebleken dat bloedonderzoek en ander regulier onderzoek niet veel informatie opleverde omtrent de oorzaak van deze klachten. Al deze pati\u00ebnten waren immers al meerdere malen door de medische molen geweest, zonder dat dit leidde tot een diagnose of iets wat erop leek.<br \/>\nVerder heb ik mijn medische kennis verdiept en uitgebreid met studies in Orthomoleculaire geneeskunde, omgevingsgeneeskunde, functionele geneeskunde, toxicologie, biochemie, fysiologie, maar ook Chinese geneeskunde en Ayurvedische geneeskunde. En daarnaast heeft het dagelijkse toetsingsonderzoek bij mijn pati\u00ebnten omtrent de werkzaamheid van verschillende door mij toegepaste therapie\u00ebn mij veel geleerd.<\/p>\n<p>Na 25 jaar onderzoek en het behandelen van duizenden pati\u00ebnten heb ik de belangrijkste kernconclusie kunnen formuleren omtrent de oorzaak van de ziekten en aandoeningen bij deze pati\u00ebntengroep. Deze kernconclusie is echter ook van toepassing op ziekte in algemene zin.<\/p>\n<p><img loading=\"lazy\" decoding=\"async\" class=\"wp-image-788 aligncenter\" src=\"https:\/\/www.jimfernand.nl\/wp-content\/uploads\/2025\/06\/JF_02_HQ-28-06-2025-21-34-59-300x300.png\" alt=\"\" width=\"82\" height=\"82\" srcset=\"https:\/\/www.jimfernand.nl\/wp-content\/uploads\/2025\/06\/JF_02_HQ-28-06-2025-21-34-59-300x300.png 300w, https:\/\/www.jimfernand.nl\/wp-content\/uploads\/2025\/06\/JF_02_HQ-28-06-2025-21-34-59-1030x1030.png 1030w, https:\/\/www.jimfernand.nl\/wp-content\/uploads\/2025\/06\/JF_02_HQ-28-06-2025-21-34-59-80x80.png 80w, https:\/\/www.jimfernand.nl\/wp-content\/uploads\/2025\/06\/JF_02_HQ-28-06-2025-21-34-59-768x768.png 768w, https:\/\/www.jimfernand.nl\/wp-content\/uploads\/2025\/06\/JF_02_HQ-28-06-2025-21-34-59-1536x1536.png 1536w, https:\/\/www.jimfernand.nl\/wp-content\/uploads\/2025\/06\/JF_02_HQ-28-06-2025-21-34-59-2048x2048.png 2048w, https:\/\/www.jimfernand.nl\/wp-content\/uploads\/2025\/06\/JF_02_HQ-28-06-2025-21-34-59-36x36.png 36w, https:\/\/www.jimfernand.nl\/wp-content\/uploads\/2025\/06\/JF_02_HQ-28-06-2025-21-34-59-180x180.png 180w, https:\/\/www.jimfernand.nl\/wp-content\/uploads\/2025\/06\/JF_02_HQ-28-06-2025-21-34-59-1500x1500.png 1500w, https:\/\/www.jimfernand.nl\/wp-content\/uploads\/2025\/06\/JF_02_HQ-28-06-2025-21-34-59-705x705.png 705w\" sizes=\"auto, (max-width: 82px) 100vw, 82px\" \/><\/p>\n<p>De belangrijkste kernconclusie is, dat er eigenlijk maar drie biologische oorzaken zijn voor ziekte.<\/p>\n<p>De enorme vari\u00ebteit die we zien aan klachten en de eindeloze expressie mogelijkheden van lichamelijke disfuncties en ziekten hebben eigenlijk maar drie kernoorzaken.<\/p>\n<p><strong>We worden in biologische zin alleen ziek door infecties, intoxicaties of defici\u00ebnties (tekorten).<\/strong><\/p>\n<p>Veel gezondheidsklachten ontstaan door vergiftigingen.<br \/>\nVanwege de toenemende omgevingsvervuiling staan intoxicaties op nummer \u00e9\u00e9n in alle industri\u00eble landen als voornaamste oorzaak van veel ziekten.<\/p>\n<p>Nog nooit in de geschiedenis van de mensheid zijn wij dagelijks in contact gekomen met zoveel potenti\u00eble schadelijke stoffen als in onze huidige tijd. Omgevingsfactoren spelen daarom een steeds grotere rol bij ontstaan van ziekten.<\/p>\n<\/div><\/section><\/p><\/div>\n","protected":false},"excerpt":{"rendered":"","protected":false},"author":1,"featured_media":0,"parent":0,"menu_order":0,"comment_status":"open","ping_status":"open","template":"","meta":{"footnotes":""},"class_list":["post-154","page","type-page","status-publish","hentry"],"_links":{"self":[{"href":"https:\/\/www.jimfernand.nl\/index.php?rest_route=\/wp\/v2\/pages\/154","targetHints":{"allow":["GET"]}}],"collection":[{"href":"https:\/\/www.jimfernand.nl\/index.php?rest_route=\/wp\/v2\/pages"}],"about":[{"href":"https:\/\/www.jimfernand.nl\/index.php?rest_route=\/wp\/v2\/types\/page"}],"author":[{"embeddable":true,"href":"https:\/\/www.jimfernand.nl\/index.php?rest_route=\/wp\/v2\/users\/1"}],"replies":[{"embeddable":true,"href":"https:\/\/www.jimfernand.nl\/index.php?rest_route=%2Fwp%2Fv2%2Fcomments&post=154"}],"version-history":[{"count":5,"href":"https:\/\/www.jimfernand.nl\/index.php?rest_route=\/wp\/v2\/pages\/154\/revisions"}],"predecessor-version":[{"id":877,"href":"https:\/\/www.jimfernand.nl\/index.php?rest_route=\/wp\/v2\/pages\/154\/revisions\/877"}],"wp:attachment":[{"href":"https:\/\/www.jimfernand.nl\/index.php?rest_route=%2Fwp%2Fv2%2Fmedia&parent=154"}],"curies":[{"name":"wp","href":"https:\/\/api.w.org\/{rel}","templated":true}]}}